{"id":14,"date":"2017-11-01T12:07:39","date_gmt":"2017-11-01T12:07:39","guid":{"rendered":"https:\/\/plethorathemes.com\/boilerplate\/maindemo\/?page_id=14"},"modified":"2025-01-23T11:57:44","modified_gmt":"2025-01-23T11:57:44","slug":"the-band","status":"publish","type":"page","link":"https:\/\/wp.mikelonetwo.de\/?page_id=14","title":{"rendered":"The Band"},"content":{"rendered":"<div class=\"wpb-content-wrapper\"><p>[vc_row transparent=&#8221;transparent&#8221; row_padding_top=&#8221;padding_top_1-2&#8243; row_padding_bottom=&#8221;padding_bottom_none&#8221; post_type=&#8221;&#8221; tri_ulsw=&#8221;50&#8243; tri_ursw=&#8221;50&#8243; tri_blsw=&#8221;50&#8243; tri_brsw=&#8221;50&#8243; tri_bls=&#8221;#f7f6f1&#8243; tri_brs=&#8221;#f7f6f1&#8243;][vc_column]<div class=\"ple_anypostloop_shortcode wpb_content_element   vc_custom_1714817567589\"><div id=\"grid_6633801d48e45\" class=\"grid_wrapper strict_grid grid_profile_card_vertical row clearfix\">\r\n        <div class=\"profile_post_listed grid_item grid_sizer col-md-4 col-sm-6 col-xs-12 \">\r\n                <div class=\"profile_post_item_wrapper  \">\r\n                        <div class=\"profile_post_item_media\">\r\n                                <a href=\"https:\/\/wp.mikelonetwo.de\/?profile=winchester\" target=\"_parent\" class=\"\">\r\n\r\n                                        <figure>\r\n                                                <img decoding=\"async\" src=\"https:\/\/wp.mikelonetwo.de\/wp-content\/uploads\/2017\/12\/winchester-878x1024.jpg\" srcset=\"https:\/\/wp.mikelonetwo.de\/wp-content\/uploads\/2017\/12\/winchester.jpg 900w, https:\/\/wp.mikelonetwo.de\/wp-content\/uploads\/2017\/12\/winchester-257x300.jpg 257w, https:\/\/wp.mikelonetwo.de\/wp-content\/uploads\/2017\/12\/winchester-878x1024.jpg 878w, https:\/\/wp.mikelonetwo.de\/wp-content\/uploads\/2017\/12\/winchester-768x896.jpg 768w\"  alt=\"Winchester\">\r\n                                        <\/figure>\r\n\r\n                                <\/a>\r\n                        <\/div>\r\n                        <div class=\"profile_post_item_text white_section  text-center\">\r\n                                        <h4 class=\"textify_links\">\r\n                                                <a href=\"https:\/\/wp.mikelonetwo.de\/?profile=winchester\" target=\"_parent\" class=\"\">\r\n                                                Winchester\r\n                                                <\/a>\r\n                                        <\/h4>\r\n                                        <p class=\"profile_post_item_subtitle\">Gesang und Gitarre, Mundharmonika, Theremin<\/p>\r\n                                        <p class=\"profile_post_item_quote\">F\u00fcr seinen Stimmumfang und absolute Virtuosit\u00e4t auf der Gitarre bekannt, z\u00e4hlt er zu den Top - Rock'n'Roll Performern Europas.<\/p>\r\n                        <\/div>\r\n                                <a href=\"https:\/\/wp.mikelonetwo.de\/?profile=winchester\" target=\"_parent\" class=\" profile_post_item_btn btn-sm btn-primary\">Read More<\/a>\r\n                <\/div>\r\n        <\/div>\r\n        <div class=\"profile_post_listed grid_item grid_sizer col-md-4 col-sm-6 col-xs-12 \">\r\n                <div class=\"profile_post_item_wrapper  \">\r\n                        <div class=\"profile_post_item_media\">\r\n                                <a href=\"https:\/\/wp.mikelonetwo.de\/?profile=josh-bond\" target=\"_parent\" class=\"\">\r\n\r\n                                        <figure>\r\n                                                <img decoding=\"async\" src=\"https:\/\/wp.mikelonetwo.de\/wp-content\/uploads\/2017\/12\/joker-878x1024.jpg\" srcset=\"https:\/\/wp.mikelonetwo.de\/wp-content\/uploads\/2017\/12\/joker.jpg 900w, https:\/\/wp.mikelonetwo.de\/wp-content\/uploads\/2017\/12\/joker-257x300.jpg 257w, https:\/\/wp.mikelonetwo.de\/wp-content\/uploads\/2017\/12\/joker-878x1024.jpg 878w, https:\/\/wp.mikelonetwo.de\/wp-content\/uploads\/2017\/12\/joker-768x896.jpg 768w\"  alt=\"Joker\">\r\n                                        <\/figure>\r\n\r\n                                <\/a>\r\n                        <\/div>\r\n                        <div class=\"profile_post_item_text white_section  text-center\">\r\n                                        <h4 class=\"textify_links\">\r\n                                                <a href=\"https:\/\/wp.mikelonetwo.de\/?profile=josh-bond\" target=\"_parent\" class=\"\">\r\n                                                Joker\r\n                                                <\/a>\r\n                                        <\/h4>\r\n                                        <p class=\"profile_post_item_subtitle\">Kontrabass<\/p>\r\n                                        <p class=\"profile_post_item_quote\">Er hat mehr B\u00fchnenpr\u00e4senz als Shakira und mehr Tattoos als Popeye. Sein Rockabilly Slap swingt und h\u00e4lt alles zusammen!<\/p>\r\n                        <\/div>\r\n                                <a href=\"https:\/\/wp.mikelonetwo.de\/?profile=josh-bond\" target=\"_parent\" class=\" profile_post_item_btn btn-sm btn-primary\">Read More<\/a>\r\n                <\/div>\r\n        <\/div>\r\n        <div class=\"profile_post_listed grid_item grid_sizer col-md-4 col-sm-6 col-xs-12 \">\r\n                <div class=\"profile_post_item_wrapper  \">\r\n                        <div class=\"profile_post_item_media\">\r\n                                <a href=\"https:\/\/wp.mikelonetwo.de\/?profile=james-murray\" target=\"_parent\" class=\"\">\r\n\r\n                                        <figure>\r\n                                                <img decoding=\"async\" src=\"https:\/\/wp.mikelonetwo.de\/wp-content\/uploads\/2017\/12\/mikel-878x1024.jpg\" srcset=\"https:\/\/wp.mikelonetwo.de\/wp-content\/uploads\/2017\/12\/mikel.jpg 900w, https:\/\/wp.mikelonetwo.de\/wp-content\/uploads\/2017\/12\/mikel-257x300.jpg 257w, https:\/\/wp.mikelonetwo.de\/wp-content\/uploads\/2017\/12\/mikel-878x1024.jpg 878w, https:\/\/wp.mikelonetwo.de\/wp-content\/uploads\/2017\/12\/mikel-768x896.jpg 768w\"  alt=\"Mikel\">\r\n                                        <\/figure>\r\n\r\n                                <\/a>\r\n                        <\/div>\r\n                        <div class=\"profile_post_item_text white_section  text-center\">\r\n                                        <h4 class=\"textify_links\">\r\n                                                <a href=\"https:\/\/wp.mikelonetwo.de\/?profile=james-murray\" target=\"_parent\" class=\"\">\r\n                                                Mikel\r\n                                                <\/a>\r\n                                        <\/h4>\r\n                                        <p class=\"profile_post_item_subtitle\">Drums<\/p>\r\n                                        <p class=\"profile_post_item_quote\">Genialer treibender Rhythmus und eine fantastische Stimme. Mikels Show am Standup Drumset, vorne am B\u00fchnenrand, ist atemberaubend.<\/p>\r\n                        <\/div>\r\n                                <a href=\"https:\/\/wp.mikelonetwo.de\/?profile=james-murray\" target=\"_parent\" class=\" profile_post_item_btn btn-sm btn-primary\">Read More<\/a>\r\n                <\/div>\r\n        <\/div>\r\n<\/div><\/div><div class=\"heading_group_sc wpb_content_element subtitle_bottom text-left has_line_divider\">\r\n\r\n\r\n\r\n    <h2>Heading Group<\/h2>\n\r\n\r\n         <div class=\"line_divider\"><\/div>     \r\n        <span class=\"subtitle\">Heading Subtitle<\/span>\r\n\r\n<\/div>[vc_column_text css=&#8221;&#8221;]<\/p>\n<div class=\"wpb_text_column wpb_content_element \">\n<div class=\"wpb_wrapper\">\n<p>Jedes Publikum findet Mikel Onetwo fantastisch. Die Pr\u00e4zision, Energie und Virtuosit\u00e4t mit der Klassiker wie auch moderne St\u00fccke gespielt und gesungen werden, sowie der authentische Look und Sound sind nicht mal der Hauptgrund. Sie haben einfach Bock Rockabilly, Rock\u2019n\u2019Roll, Rock und Blues wild zu vermischen und h\u00f6ren damit nicht auf, bevor keiner mehr tanzen kann!<\/p>\n<p>Seit 2013 spielt die Hamburger Band Festivals, Open Airs und Klubkonzerte im In- und Ausland.<br \/>\nOb Geburtstag, Hochzeitsfeier, Weihnachtsfeier, Party, Er\u00f6ffnung,Club oder Festival \u2013 das ist die Band:<br \/>\nOb Klassiker, Pop, Country oder Metal: die Songs klingen, als w\u00e4ren sie schon immer im Mikel Onetwo Sound gespielt worden. Dabei hat die Band auch einige Mashups bekannter Songs arrangiert.<br \/>\nSantanas Smooth klingt verd\u00e4chtig nach Stray Cat Strut. Paranoid vermischt sich mit War Pigs und Iron Man und wird zur Black Sabath Rockabilly-Retrospektive. Die Strophen von Highway To Hell passen gut zu Pretty Woman von Roy Orbison. Der Refrain zu Blitzkrieg Bop. Dead or Alives \u201eYou Spin Me Round\u201c scheint pl\u00f6tzlich eine Komposition von Chris Isaac zu sein, I Can See Clearly Now ist noch besser mit geslapptem Kontrabass \u2026 und Mikel Onetwos Eigenkompostionen k\u00f6nnen mithalten!<br \/>\nTanzen, mitsingen oder beim Akustik-Set an der Bar mittendrin sein \u2013 Mikel Onetwo bringt die Energie eines hei\u00dfen Clubgigs auf Eure Feier.<\/p>\n<\/div>\n<\/div>\n<div class=\"wpb_text_column wpb_content_element \">\n<div class=\"wpb_wrapper\">\n<p>Die Band kann jede Veranstaltung flexibel und routiniert begleiten und mit eigener Technik beschallen. Auf besondere W\u00fcnsche von Publikum wie Veranstaltern kann oftmals spontan eingegangen werden.<\/p>\n<\/div>\n<\/div>\n<div class=\"wpb_text_column wpb_content_element \">\n<div class=\"wpb_wrapper\">\n<p>Referenzen<br \/>\nT\u00f8nder Musik Festival, Ikast Bluesfest, Hamburger Hafengeburtstag,<br \/>\nReeperbahn-Clubs, Ahrensburger Stadtfest, Harburger<br \/>\nHafengeburtstag, Rockabilly Allnighter Frifeld, DK, Harburger<br \/>\nAussenm\u00fchlenfest, Logo, Hamburg, Rockabilly Allnighter Gr\u00fcnspan,<br \/>\nNacht der Clubs Bremerhaven, Honky Tonk Flensburg, Harburger<br \/>\nS\u00fcdkulturnacht, Rumble On The Roof HH, Private Events, Klubsen,<br \/>\nHamburg, Hochzeiten, Motorradclubs, etc<br \/>\nGesehen und geh\u00f6rt haben wir die Drei schon bei:Helldriver, Hot<br \/>\n\u2019n\u2018 Cold, Boygroup Killers, Hot Rockin\u2018 Rosters, Hepcazz,The Magic<br \/>\nOf Santana, Minderheinz, Blue Balu, Smut Peddlers \u2026.<\/p>\n<\/div>\n<\/div>\n<p>[\/vc_column_text][vc_empty_space height=&#8221;50px&#8221;][\/vc_column][\/vc_row][vc_row full_width=&#8221;stretch_row&#8221; color_set=&#8221;light_section&#8221; align=&#8221;text-center&#8221; post_type=&#8221;&#8221; tri_blsw=&#8221;50&#8243; tri_brsw=&#8221;50&#8243; tri_brs=&#8221;#1b1b1b&#8221; tri_blsf_x=&#8221;enabled&#8221; tri_bls=&#8221;#1b1b1b&#8221; tri_brsf_x=&#8221;enabled&#8221;][vc_column][\/vc_column][\/vc_row]<\/p>\n<\/div>","protected":false},"excerpt":{"rendered":"<p>[vc_row transparent=&#8221;transparent&#8221; row_padding_top=&#8221;padding_top_1-2&#8243; row_padding_bottom=&#8221;padding_bottom_none&#8221; post_type=&#8221;&#8221; tri_ulsw=&#8221;50&#8243; tri_ursw=&#8221;50&#8243; tri_blsw=&#8221;50&#8243; tri_brsw=&#8221;50&#8243; tri_bls=&#8221;#f7f6f1&#8243; tri_brs=&#8221;#f7f6f1&#8243;][vc_column][vc_column_text css=&#8221;&#8221;] Jedes Publikum findet Mikel Onetwo fantastisch. Die Pr\u00e4zision, Energie und Virtuosit\u00e4t mit der Klassiker wie auch moderne St\u00fccke gespielt und gesungen werden, sowie der authentische Look und Sound sind nicht mal der Hauptgrund. Sie haben einfach Bock Rockabilly, Rock\u2019n\u2019Roll, Rock und Blues wild [&hellip;]<\/p>\n","protected":false},"author":1,"featured_media":1428,"parent":0,"menu_order":0,"comment_status":"closed","ping_status":"closed","template":"","meta":{"footnotes":""},"class_list":["post-14","page","type-page","status-publish","has-post-thumbnail","hentry"],"yoast_head":"<!-- This site is optimized with the Yoast SEO plugin v24.3 - https:\/\/yoast.com\/wordpress\/plugins\/seo\/ -->\n<title>The Band - Mike Onetwo Rock&#039;n&#039;Roll &amp; Rockabilly<\/title>\n<meta name=\"robots\" content=\"index, follow, max-snippet:-1, max-image-preview:large, max-video-preview:-1\" \/>\n<link rel=\"canonical\" href=\"https:\/\/wp.mikelonetwo.de\/?page_id=14\" \/>\n<meta property=\"og:locale\" content=\"de_DE\" \/>\n<meta property=\"og:type\" content=\"article\" \/>\n<meta property=\"og:title\" content=\"The Band - Mike Onetwo Rock&#039;n&#039;Roll &amp; Rockabilly\" \/>\n<meta property=\"og:description\" content=\"[vc_row transparent=&#8221;transparent&#8221; row_padding_top=&#8221;padding_top_1-2&#8243; row_padding_bottom=&#8221;padding_bottom_none&#8221; post_type=&#8221;&#8221; tri_ulsw=&#8221;50&#8243; tri_ursw=&#8221;50&#8243; tri_blsw=&#8221;50&#8243; tri_brsw=&#8221;50&#8243; tri_bls=&#8221;#f7f6f1&#8243; tri_brs=&#8221;#f7f6f1&#8243;][vc_column][vc_column_text css=&#8221;&#8221;] Jedes Publikum findet Mikel Onetwo fantastisch. Die Pr\u00e4zision, Energie und Virtuosit\u00e4t mit der Klassiker wie auch moderne St\u00fccke gespielt und gesungen werden, sowie der authentische Look und Sound sind nicht mal der Hauptgrund. Sie haben einfach Bock Rockabilly, Rock\u2019n\u2019Roll, Rock und Blues wild [&hellip;]\" \/>\n<meta property=\"og:url\" content=\"https:\/\/wp.mikelonetwo.de\/?page_id=14\" \/>\n<meta property=\"og:site_name\" content=\"Mike Onetwo Rock&#039;n&#039;Roll &amp; Rockabilly\" \/>\n<meta property=\"article:modified_time\" content=\"2025-01-23T11:57:44+00:00\" \/>\n<meta property=\"og:image\" content=\"https:\/\/wp.mikelonetwo.de\/wp-content\/uploads\/2024\/05\/Band_bg_small-1.jpg\" \/>\n\t<meta property=\"og:image:width\" content=\"1000\" \/>\n\t<meta property=\"og:image:height\" content=\"495\" \/>\n\t<meta property=\"og:image:type\" content=\"image\/jpeg\" \/>\n<meta name=\"twitter:card\" content=\"summary_large_image\" \/>\n<meta name=\"twitter:label1\" content=\"Gesch\u00e4tzte Lesezeit\" \/>\n\t<meta name=\"twitter:data1\" content=\"3\u00a0Minuten\" \/>\n<script type=\"application\/ld+json\" class=\"yoast-schema-graph\">{\"@context\":\"https:\/\/schema.org\",\"@graph\":[{\"@type\":\"WebPage\",\"@id\":\"https:\/\/wp.mikelonetwo.de\/?page_id=14\",\"url\":\"https:\/\/wp.mikelonetwo.de\/?page_id=14\",\"name\":\"The Band - Mike Onetwo Rock&#039;n&#039;Roll &amp; Rockabilly\",\"isPartOf\":{\"@id\":\"https:\/\/wp.mikelonetwo.de\/#website\"},\"primaryImageOfPage\":{\"@id\":\"https:\/\/wp.mikelonetwo.de\/?page_id=14#primaryimage\"},\"image\":{\"@id\":\"https:\/\/wp.mikelonetwo.de\/?page_id=14#primaryimage\"},\"thumbnailUrl\":\"https:\/\/wp.mikelonetwo.de\/wp-content\/uploads\/2024\/05\/Band_bg_small-1.jpg\",\"datePublished\":\"2017-11-01T12:07:39+00:00\",\"dateModified\":\"2025-01-23T11:57:44+00:00\",\"breadcrumb\":{\"@id\":\"https:\/\/wp.mikelonetwo.de\/?page_id=14#breadcrumb\"},\"inLanguage\":\"de\",\"potentialAction\":[{\"@type\":\"ReadAction\",\"target\":[\"https:\/\/wp.mikelonetwo.de\/?page_id=14\"]}]},{\"@type\":\"ImageObject\",\"inLanguage\":\"de\",\"@id\":\"https:\/\/wp.mikelonetwo.de\/?page_id=14#primaryimage\",\"url\":\"https:\/\/wp.mikelonetwo.de\/wp-content\/uploads\/2024\/05\/Band_bg_small-1.jpg\",\"contentUrl\":\"https:\/\/wp.mikelonetwo.de\/wp-content\/uploads\/2024\/05\/Band_bg_small-1.jpg\",\"width\":1000,\"height\":495},{\"@type\":\"BreadcrumbList\",\"@id\":\"https:\/\/wp.mikelonetwo.de\/?page_id=14#breadcrumb\",\"itemListElement\":[{\"@type\":\"ListItem\",\"position\":1,\"name\":\"Startseite\",\"item\":\"https:\/\/wp.mikelonetwo.de\/\"},{\"@type\":\"ListItem\",\"position\":2,\"name\":\"The Band\"}]},{\"@type\":\"WebSite\",\"@id\":\"https:\/\/wp.mikelonetwo.de\/#website\",\"url\":\"https:\/\/wp.mikelonetwo.de\/\",\"name\":\"Mike Onetwo Rock&#039;n&#039;Roll &amp; Rockabilly\",\"description\":\"Band from Hamburg, Germany\",\"potentialAction\":[{\"@type\":\"SearchAction\",\"target\":{\"@type\":\"EntryPoint\",\"urlTemplate\":\"https:\/\/wp.mikelonetwo.de\/?s={search_term_string}\"},\"query-input\":{\"@type\":\"PropertyValueSpecification\",\"valueRequired\":true,\"valueName\":\"search_term_string\"}}],\"inLanguage\":\"de\"}]}<\/script>\n<!-- \/ Yoast SEO plugin. -->","yoast_head_json":{"title":"The Band - Mike Onetwo Rock&#039;n&#039;Roll &amp; Rockabilly","robots":{"index":"index","follow":"follow","max-snippet":"max-snippet:-1","max-image-preview":"max-image-preview:large","max-video-preview":"max-video-preview:-1"},"canonical":"https:\/\/wp.mikelonetwo.de\/?page_id=14","og_locale":"de_DE","og_type":"article","og_title":"The Band - Mike Onetwo Rock&#039;n&#039;Roll &amp; Rockabilly","og_description":"[vc_row transparent=&#8221;transparent&#8221; row_padding_top=&#8221;padding_top_1-2&#8243; row_padding_bottom=&#8221;padding_bottom_none&#8221; post_type=&#8221;&#8221; tri_ulsw=&#8221;50&#8243; tri_ursw=&#8221;50&#8243; tri_blsw=&#8221;50&#8243; tri_brsw=&#8221;50&#8243; tri_bls=&#8221;#f7f6f1&#8243; tri_brs=&#8221;#f7f6f1&#8243;][vc_column][vc_column_text css=&#8221;&#8221;] Jedes Publikum findet Mikel Onetwo fantastisch. Die Pr\u00e4zision, Energie und Virtuosit\u00e4t mit der Klassiker wie auch moderne St\u00fccke gespielt und gesungen werden, sowie der authentische Look und Sound sind nicht mal der Hauptgrund. Sie haben einfach Bock Rockabilly, Rock\u2019n\u2019Roll, Rock und Blues wild [&hellip;]","og_url":"https:\/\/wp.mikelonetwo.de\/?page_id=14","og_site_name":"Mike Onetwo Rock&#039;n&#039;Roll &amp; Rockabilly","article_modified_time":"2025-01-23T11:57:44+00:00","og_image":[{"width":1000,"height":495,"url":"https:\/\/wp.mikelonetwo.de\/wp-content\/uploads\/2024\/05\/Band_bg_small-1.jpg","type":"image\/jpeg"}],"twitter_card":"summary_large_image","twitter_misc":{"Gesch\u00e4tzte Lesezeit":"3\u00a0Minuten"},"schema":{"@context":"https:\/\/schema.org","@graph":[{"@type":"WebPage","@id":"https:\/\/wp.mikelonetwo.de\/?page_id=14","url":"https:\/\/wp.mikelonetwo.de\/?page_id=14","name":"The Band - Mike Onetwo Rock&#039;n&#039;Roll &amp; Rockabilly","isPartOf":{"@id":"https:\/\/wp.mikelonetwo.de\/#website"},"primaryImageOfPage":{"@id":"https:\/\/wp.mikelonetwo.de\/?page_id=14#primaryimage"},"image":{"@id":"https:\/\/wp.mikelonetwo.de\/?page_id=14#primaryimage"},"thumbnailUrl":"https:\/\/wp.mikelonetwo.de\/wp-content\/uploads\/2024\/05\/Band_bg_small-1.jpg","datePublished":"2017-11-01T12:07:39+00:00","dateModified":"2025-01-23T11:57:44+00:00","breadcrumb":{"@id":"https:\/\/wp.mikelonetwo.de\/?page_id=14#breadcrumb"},"inLanguage":"de","potentialAction":[{"@type":"ReadAction","target":["https:\/\/wp.mikelonetwo.de\/?page_id=14"]}]},{"@type":"ImageObject","inLanguage":"de","@id":"https:\/\/wp.mikelonetwo.de\/?page_id=14#primaryimage","url":"https:\/\/wp.mikelonetwo.de\/wp-content\/uploads\/2024\/05\/Band_bg_small-1.jpg","contentUrl":"https:\/\/wp.mikelonetwo.de\/wp-content\/uploads\/2024\/05\/Band_bg_small-1.jpg","width":1000,"height":495},{"@type":"BreadcrumbList","@id":"https:\/\/wp.mikelonetwo.de\/?page_id=14#breadcrumb","itemListElement":[{"@type":"ListItem","position":1,"name":"Startseite","item":"https:\/\/wp.mikelonetwo.de\/"},{"@type":"ListItem","position":2,"name":"The Band"}]},{"@type":"WebSite","@id":"https:\/\/wp.mikelonetwo.de\/#website","url":"https:\/\/wp.mikelonetwo.de\/","name":"Mike Onetwo Rock&#039;n&#039;Roll &amp; Rockabilly","description":"Band from Hamburg, Germany","potentialAction":[{"@type":"SearchAction","target":{"@type":"EntryPoint","urlTemplate":"https:\/\/wp.mikelonetwo.de\/?s={search_term_string}"},"query-input":{"@type":"PropertyValueSpecification","valueRequired":true,"valueName":"search_term_string"}}],"inLanguage":"de"}]}},"jetpack_sharing_enabled":true,"_links":{"self":[{"href":"https:\/\/wp.mikelonetwo.de\/index.php?rest_route=\/wp\/v2\/pages\/14","targetHints":{"allow":["GET"]}}],"collection":[{"href":"https:\/\/wp.mikelonetwo.de\/index.php?rest_route=\/wp\/v2\/pages"}],"about":[{"href":"https:\/\/wp.mikelonetwo.de\/index.php?rest_route=\/wp\/v2\/types\/page"}],"author":[{"embeddable":true,"href":"https:\/\/wp.mikelonetwo.de\/index.php?rest_route=\/wp\/v2\/users\/1"}],"replies":[{"embeddable":true,"href":"https:\/\/wp.mikelonetwo.de\/index.php?rest_route=%2Fwp%2Fv2%2Fcomments&post=14"}],"version-history":[{"count":28,"href":"https:\/\/wp.mikelonetwo.de\/index.php?rest_route=\/wp\/v2\/pages\/14\/revisions"}],"predecessor-version":[{"id":1597,"href":"https:\/\/wp.mikelonetwo.de\/index.php?rest_route=\/wp\/v2\/pages\/14\/revisions\/1597"}],"wp:featuredmedia":[{"embeddable":true,"href":"https:\/\/wp.mikelonetwo.de\/index.php?rest_route=\/wp\/v2\/media\/1428"}],"wp:attachment":[{"href":"https:\/\/wp.mikelonetwo.de\/index.php?rest_route=%2Fwp%2Fv2%2Fmedia&parent=14"}],"curies":[{"name":"wp","href":"https:\/\/api.w.org\/{rel}","templated":true}]}}